{"id":16177,"date":"2024-10-17T02:27:55","date_gmt":"2024-10-17T02:27:55","guid":{"rendered":"https:\/\/spinelliaccounting.ca\/travailleurs-autonomes\/"},"modified":"2026-03-27T05:56:02","modified_gmt":"2026-03-27T05:56:02","slug":"travailleurs-autonomes","status":"publish","type":"page","link":"https:\/\/spinelliaccounting.ca\/fr\/travailleurs-autonomes\/","title":{"rendered":"Travailleurs autonomes"},"content":{"rendered":"<div data-elementor-type=\"wp-page\" data-elementor-id=\"16177\" class=\"elementor elementor-16177 elementor-251\" data-elementor-post-type=\"page\">\n\t\t\t\t<div class=\"elementor-element elementor-element-4031febe e-flex e-con-boxed e-con e-parent\" data-id=\"4031febe\" data-element_type=\"container\" data-e-type=\"container\" data-settings=\"{&quot;background_background&quot;:&quot;classic&quot;}\">\n\t\t\t\t\t<div class=\"e-con-inner\">\n\t\t\t\t<div class=\"elementor-element elementor-element-579f7503 elementor-widget elementor-widget-heading\" data-id=\"579f7503\" data-element_type=\"widget\" data-e-type=\"widget\" data-widget_type=\"heading.default\">\n\t\t\t\t<div class=\"elementor-widget-container\">\n\t\t\t\t\t<h1 class=\"elementor-heading-title elementor-size-default\">Travailleurs autonomes<\/h1>\t\t\t\t<\/div>\n\t\t\t\t<\/div>\n\t\t\t\t<div class=\"elementor-element elementor-element-b3cde30 elementor-widget elementor-widget-heading\" data-id=\"b3cde30\" data-element_type=\"widget\" data-e-type=\"widget\" data-widget_type=\"heading.default\">\n\t\t\t\t<div class=\"elementor-widget-container\">\n\t\t\t\t\t<p class=\"elementor-heading-title elementor-size-default\">Les travailleurs ind\u00e9pendants \u00e0 la recherche de services de comptabilit\u00e9, de d\u00e9claration fiscale et de mise en conformit\u00e9 continue<\/p>\t\t\t\t<\/div>\n\t\t\t\t<\/div>\n\t\t\t\t\t<\/div>\n\t\t\t\t<\/div>\n\t\t<div class=\"elementor-element elementor-element-de184c7 e-flex e-con-boxed e-con e-parent\" data-id=\"de184c7\" data-element_type=\"container\" data-e-type=\"container\">\n\t\t\t\t\t<div class=\"e-con-inner\">\n\t\t<div class=\"elementor-element elementor-element-a83724e e-con-full e-flex e-con e-child\" data-id=\"a83724e\" data-element_type=\"container\" data-e-type=\"container\">\n\t\t<div class=\"elementor-element elementor-element-d0b5d25 e-con-full e-flex e-con e-child\" data-id=\"d0b5d25\" data-element_type=\"container\" data-e-type=\"container\" data-settings=\"{&quot;background_background&quot;:&quot;classic&quot;}\">\n\t\t\t\t<div class=\"elementor-element elementor-element-3082b1e elementor-widget elementor-widget-heading\" data-id=\"3082b1e\" data-element_type=\"widget\" data-e-type=\"widget\" data-widget_type=\"heading.default\">\n\t\t\t\t<div class=\"elementor-widget-container\">\n\t\t\t\t\t<h2 class=\"elementor-heading-title elementor-size-default\">Conformit\u00e9 fiscale de base\n<\/h2>\t\t\t\t<\/div>\n\t\t\t\t<\/div>\n\t\t\t\t<div class=\"elementor-element elementor-element-535743d elementor-icon-list--layout-traditional elementor-list-item-link-full_width elementor-widget elementor-widget-icon-list\" data-id=\"535743d\" data-element_type=\"widget\" data-e-type=\"widget\" data-widget_type=\"icon-list.default\">\n\t\t\t\t<div class=\"elementor-widget-container\">\n\t\t\t\t\t\t\t<ul class=\"elementor-icon-list-items\">\n\t\t\t\t\t\t\t<li class=\"elementor-icon-list-item\">\n\t\t\t\t\t\t\t\t\t\t\t<span class=\"elementor-icon-list-icon\">\n\t\t\t\t\t\t\t<svg xmlns=\"http:\/\/www.w3.org\/2000\/svg\" width=\"10\" height=\"11\" viewbox=\"0 0 10 11\" fill=\"none\"><circle cx=\"3.16456\" cy=\"3.54456\" r=\"3.16456\" fill=\"#FF7106\"><\/circle><circle cx=\"6.3291\" cy=\"3.54456\" r=\"3.16456\" fill=\"#6CE9DE\"><\/circle><circle cx=\"6.3291\" cy=\"7.21546\" r=\"3.16456\" fill=\"#37A8DA\"><\/circle><circle cx=\"3.16455\" cy=\"7.21546\" r=\"3.16456\" fill=\"#DE2E45\"><\/circle><\/svg>\t\t\t\t\t\t<\/span>\n\t\t\t\t\t\t\t\t\t\t<span class=\"elementor-icon-list-text\">Pr\u00e9paration de l\u2019imp\u00f4t sur le revenu des particuliers (travailleurs autonomes)<\/span>\n\t\t\t\t\t\t\t\t\t<\/li>\n\t\t\t\t\t\t\t\t<li class=\"elementor-icon-list-item\">\n\t\t\t\t\t\t\t\t\t\t\t<span class=\"elementor-icon-list-icon\">\n\t\t\t\t\t\t\t<svg xmlns=\"http:\/\/www.w3.org\/2000\/svg\" width=\"10\" height=\"11\" viewbox=\"0 0 10 11\" fill=\"none\"><circle cx=\"3.16456\" cy=\"3.54456\" r=\"3.16456\" fill=\"#FF7106\"><\/circle><circle cx=\"6.3291\" cy=\"3.54456\" r=\"3.16456\" fill=\"#6CE9DE\"><\/circle><circle cx=\"6.3291\" cy=\"7.21546\" r=\"3.16456\" fill=\"#37A8DA\"><\/circle><circle cx=\"3.16455\" cy=\"7.21546\" r=\"3.16456\" fill=\"#DE2E45\"><\/circle><\/svg>\t\t\t\t\t\t<\/span>\n\t\t\t\t\t\t\t\t\t\t<span class=\"elementor-icon-list-text\">\u00c9tat des activit\u00e9s d\u2019entreprise (T2125)<\/span>\n\t\t\t\t\t\t\t\t\t<\/li>\n\t\t\t\t\t\t\t\t<li class=\"elementor-icon-list-item\">\n\t\t\t\t\t\t\t\t\t\t\t<span class=\"elementor-icon-list-icon\">\n\t\t\t\t\t\t\t<svg xmlns=\"http:\/\/www.w3.org\/2000\/svg\" width=\"10\" height=\"11\" viewbox=\"0 0 10 11\" fill=\"none\"><circle cx=\"3.16456\" cy=\"3.54456\" r=\"3.16456\" fill=\"#FF7106\"><\/circle><circle cx=\"6.3291\" cy=\"3.54456\" r=\"3.16456\" fill=\"#6CE9DE\"><\/circle><circle cx=\"6.3291\" cy=\"7.21546\" r=\"3.16456\" fill=\"#37A8DA\"><\/circle><circle cx=\"3.16455\" cy=\"7.21546\" r=\"3.16456\" fill=\"#DE2E45\"><\/circle><\/svg>\t\t\t\t\t\t<\/span>\n\t\t\t\t\t\t\t\t\t\t<span class=\"elementor-icon-list-text\">Enregistrement et mise en place d\u2019une entreprise individuelle<\/span>\n\t\t\t\t\t\t\t\t\t<\/li>\n\t\t\t\t\t\t\t\t<li class=\"elementor-icon-list-item\">\n\t\t\t\t\t\t\t\t\t\t\t<span class=\"elementor-icon-list-icon\">\n\t\t\t\t\t\t\t<svg xmlns=\"http:\/\/www.w3.org\/2000\/svg\" width=\"10\" height=\"11\" viewbox=\"0 0 10 11\" fill=\"none\"><circle cx=\"3.16456\" cy=\"3.54456\" r=\"3.16456\" fill=\"#FF7106\"><\/circle><circle cx=\"6.3291\" cy=\"3.54456\" r=\"3.16456\" fill=\"#6CE9DE\"><\/circle><circle cx=\"6.3291\" cy=\"7.21546\" r=\"3.16456\" fill=\"#37A8DA\"><\/circle><circle cx=\"3.16455\" cy=\"7.21546\" r=\"3.16456\" fill=\"#DE2E45\"><\/circle><\/svg>\t\t\t\t\t\t<\/span>\n\t\t\t\t\t\t\t\t\t\t<span class=\"elementor-icon-list-text\">Inscription \u00e0 la TPS\/TVQ et configuration du compte<\/span>\n\t\t\t\t\t\t\t\t\t<\/li>\n\t\t\t\t\t\t\t\t<li class=\"elementor-icon-list-item\">\n\t\t\t\t\t\t\t\t\t\t\t<span class=\"elementor-icon-list-icon\">\n\t\t\t\t\t\t\t<svg xmlns=\"http:\/\/www.w3.org\/2000\/svg\" width=\"10\" height=\"11\" viewbox=\"0 0 10 11\" fill=\"none\"><circle cx=\"3.16456\" cy=\"3.54456\" r=\"3.16456\" fill=\"#FF7106\"><\/circle><circle cx=\"6.3291\" cy=\"3.54456\" r=\"3.16456\" fill=\"#6CE9DE\"><\/circle><circle cx=\"6.3291\" cy=\"7.21546\" r=\"3.16456\" fill=\"#37A8DA\"><\/circle><circle cx=\"3.16455\" cy=\"7.21546\" r=\"3.16456\" fill=\"#DE2E45\"><\/circle><\/svg>\t\t\t\t\t\t<\/span>\n\t\t\t\t\t\t\t\t\t\t<span class=\"elementor-icon-list-text\">D\u00e9clarations de taxes de vente (annuelles \/ trimestrielles \/ mensuelles)<\/span>\n\t\t\t\t\t\t\t\t\t<\/li>\n\t\t\t\t\t\t\t\t<li class=\"elementor-icon-list-item\">\n\t\t\t\t\t\t\t\t\t\t\t<span class=\"elementor-icon-list-icon\">\n\t\t\t\t\t\t\t<svg xmlns=\"http:\/\/www.w3.org\/2000\/svg\" width=\"10\" height=\"11\" viewbox=\"0 0 10 11\" fill=\"none\"><circle cx=\"3.16456\" cy=\"3.54456\" r=\"3.16456\" fill=\"#FF7106\"><\/circle><circle cx=\"6.3291\" cy=\"3.54456\" r=\"3.16456\" fill=\"#6CE9DE\"><\/circle><circle cx=\"6.3291\" cy=\"7.21546\" r=\"3.16456\" fill=\"#37A8DA\"><\/circle><circle cx=\"3.16455\" cy=\"7.21546\" r=\"3.16456\" fill=\"#DE2E45\"><\/circle><\/svg>\t\t\t\t\t\t<\/span>\n\t\t\t\t\t\t\t\t\t\t<span class=\"elementor-icon-list-text\">Configuration de la paie et remises DAS (si applicable)<\/span>\n\t\t\t\t\t\t\t\t\t<\/li>\n\t\t\t\t\t\t\t\t<li class=\"elementor-icon-list-item\">\n\t\t\t\t\t\t\t\t\t\t\t<span class=\"elementor-icon-list-icon\">\n\t\t\t\t\t\t\t<svg xmlns=\"http:\/\/www.w3.org\/2000\/svg\" width=\"10\" height=\"11\" viewbox=\"0 0 10 11\" fill=\"none\"><circle cx=\"3.16456\" cy=\"3.54456\" r=\"3.16456\" fill=\"#FF7106\"><\/circle><circle cx=\"6.3291\" cy=\"3.54456\" r=\"3.16456\" fill=\"#6CE9DE\"><\/circle><circle cx=\"6.3291\" cy=\"7.21546\" r=\"3.16456\" fill=\"#37A8DA\"><\/circle><circle cx=\"3.16455\" cy=\"7.21546\" r=\"3.16456\" fill=\"#DE2E45\"><\/circle><\/svg>\t\t\t\t\t\t<\/span>\n\t\t\t\t\t\t\t\t\t\t<span class=\"elementor-icon-list-text\">Conseil en paie (g\u00e9r\u00e9 par le propri\u00e9taire ou par le cabinet)<\/span>\n\t\t\t\t\t\t\t\t\t<\/li>\n\t\t\t\t\t\t\t\t<li class=\"elementor-icon-list-item\">\n\t\t\t\t\t\t\t\t\t\t\t<span class=\"elementor-icon-list-icon\">\n\t\t\t\t\t\t\t<svg xmlns=\"http:\/\/www.w3.org\/2000\/svg\" width=\"10\" height=\"11\" viewbox=\"0 0 10 11\" fill=\"none\"><circle cx=\"3.16456\" cy=\"3.54456\" r=\"3.16456\" fill=\"#FF7106\"><\/circle><circle cx=\"6.3291\" cy=\"3.54456\" r=\"3.16456\" fill=\"#6CE9DE\"><\/circle><circle cx=\"6.3291\" cy=\"7.21546\" r=\"3.16456\" fill=\"#37A8DA\"><\/circle><circle cx=\"3.16455\" cy=\"7.21546\" r=\"3.16456\" fill=\"#DE2E45\"><\/circle><\/svg>\t\t\t\t\t\t<\/span>\n\t\t\t\t\t\t\t\t\t\t<span class=\"elementor-icon-list-text\">Tenue de livres et comptabilit\u00e9 tout au long de l\u2019ann\u00e9e<\/span>\n\t\t\t\t\t\t\t\t\t<\/li>\n\t\t\t\t\t\t\t\t<li class=\"elementor-icon-list-item\">\n\t\t\t\t\t\t\t\t\t\t\t<span class=\"elementor-icon-list-icon\">\n\t\t\t\t\t\t\t<svg xmlns=\"http:\/\/www.w3.org\/2000\/svg\" width=\"10\" height=\"11\" viewbox=\"0 0 10 11\" fill=\"none\"><circle cx=\"3.16456\" cy=\"3.54456\" r=\"3.16456\" fill=\"#FF7106\"><\/circle><circle cx=\"6.3291\" cy=\"3.54456\" r=\"3.16456\" fill=\"#6CE9DE\"><\/circle><circle cx=\"6.3291\" cy=\"7.21546\" r=\"3.16456\" fill=\"#37A8DA\"><\/circle><circle cx=\"3.16455\" cy=\"7.21546\" r=\"3.16456\" fill=\"#DE2E45\"><\/circle><\/svg>\t\t\t\t\t\t<\/span>\n\t\t\t\t\t\t\t\t\t\t<span class=\"elementor-icon-list-text\">Planification fiscale pour les travailleurs autonomes<\/span>\n\t\t\t\t\t\t\t\t\t<\/li>\n\t\t\t\t\t\t<\/ul>\n\t\t\t\t\t\t<\/div>\n\t\t\t\t<\/div>\n\t\t\t\t<\/div>\n\t\t\t\t<\/div>\n\t\t\t\t\t<\/div>\n\t\t\t\t<\/div>\n\t\t<div class=\"elementor-element elementor-element-322118c0 e-flex e-con-boxed e-con e-parent\" data-id=\"322118c0\" data-element_type=\"container\" data-e-type=\"container\" data-settings=\"{&quot;background_background&quot;:&quot;classic&quot;}\">\n\t\t\t\t\t<div class=\"e-con-inner\">\n\t\t\t\t<div class=\"elementor-element elementor-element-a3505ad elementor-widget elementor-widget-heading\" data-id=\"a3505ad\" data-element_type=\"widget\" data-e-type=\"widget\" data-widget_type=\"heading.default\">\n\t\t\t\t<div class=\"elementor-widget-container\">\n\t\t\t\t\t<h2 class=\"elementor-heading-title elementor-size-default\">Rencontrez nos experts<\/h2>\t\t\t\t<\/div>\n\t\t\t\t<\/div>\n\t\t\t\t<div class=\"elementor-element elementor-element-4863bdb1 elementor-widget__width-initial elementor-widget elementor-widget-heading\" data-id=\"4863bdb1\" data-element_type=\"widget\" data-e-type=\"widget\" data-widget_type=\"heading.default\">\n\t\t\t\t<div class=\"elementor-widget-container\">\n\t\t\t\t\t<p class=\"elementor-heading-title elementor-size-default\">D\u00e9couvrez les experts qui font avancer notre vision et concr\u00e9tisent de grandes id\u00e9es chaque jour.<\/p>\t\t\t\t<\/div>\n\t\t\t\t<\/div>\n\t\t\t\t<div class=\"elementor-element elementor-element-56b5cbb elementor-widget elementor-widget-button\" data-id=\"56b5cbb\" data-element_type=\"widget\" data-e-type=\"widget\" data-widget_type=\"button.default\">\n\t\t\t\t<div class=\"elementor-widget-container\">\n\t\t\t\t\t\t\t\t\t<div class=\"elementor-button-wrapper\">\n\t\t\t\t\t<a class=\"elementor-button elementor-button-link elementor-size-sm\" href=\"https:\/\/spinelliaccounting.ca\/fr\/contactez-nous\/\">\n\t\t\t\t\t\t<span class=\"elementor-button-content-wrapper\">\n\t\t\t\t\t\t\t\t\t<span class=\"elementor-button-text\">Obtenez une soumission gratuite<\/span>\n\t\t\t\t\t<\/span>\n\t\t\t\t\t<\/a>\n\t\t\t\t<\/div>\n\t\t\t\t\t\t\t\t<\/div>\n\t\t\t\t<\/div>\n\t\t\t\t\t<\/div>\n\t\t\t\t<\/div>\n\t\t\t\t<\/div>","protected":false},"excerpt":{"rendered":"<p>Travailleurs autonomes Les travailleurs ind\u00e9pendants \u00e0 la recherche de services de comptabilit\u00e9, de d\u00e9claration fiscale et de mise en conformit\u00e9 continue Conformit\u00e9 fiscale de base Pr\u00e9paration de l\u2019imp\u00f4t sur le revenu des particuliers (travailleurs autonomes) \u00c9tat des activit\u00e9s d\u2019entreprise (T2125) Enregistrement et mise en place d\u2019une entreprise individuelle Inscription \u00e0 la TPS\/TVQ et configuration du [&hellip;]<\/p>\n","protected":false},"author":1,"featured_media":0,"parent":0,"menu_order":0,"comment_status":"closed","ping_status":"closed","template":"","meta":{"footnotes":""},"class_list":["post-16177","page","type-page","status-publish","hentry"],"aioseo_notices":[],"yoast_head":"<!-- This site is optimized with the Yoast SEO plugin v27.4 - https:\/\/yoast.com\/product\/yoast-seo-wordpress\/ -->\n<title>Travailleurs autonomes | Comptable CPA | Spinelli Accounting<\/title>\n<meta name=\"description\" content=\"Spinelli Accounting offre aux travailleurs autonomes des services experts en tenue de livres, d\u00e9claration de revenus, planification financi\u00e8re et soutien en consultation.\" \/>\n<meta name=\"robots\" content=\"index, follow, max-snippet:-1, max-image-preview:large, max-video-preview:-1\" \/>\n<link rel=\"canonical\" href=\"\/fr\/https:\/\/spinelliaccounting.ca\/fr\/travailleurs-autonomes\/\/\" \/>\n<meta property=\"og:locale\" content=\"fr_FR\" \/>\n<meta property=\"og:type\" content=\"article\" \/>\n<meta property=\"og:title\" content=\"Travailleurs autonomes | Comptable CPA | Spinelli Accounting\" \/>\n<meta property=\"og:description\" content=\"Spinelli Accounting offre aux travailleurs autonomes des services experts en tenue de livres, d\u00e9claration de revenus, planification financi\u00e8re et soutien en consultation.\" \/>\n<meta property=\"og:url\" content=\"\/fr\/https:\/\/spinelliaccounting.ca\/fr\/travailleurs-autonomes\/\/\" \/>\n<meta property=\"og:site_name\" content=\"Spinelli Accounting &amp; Consulting\" \/>\n<meta property=\"article:modified_time\" content=\"2026-03-27T05:56:02+00:00\" \/>\n<meta name=\"twitter:card\" content=\"summary_large_image\" \/>\n<meta name=\"twitter:label1\" content=\"Dur\u00e9e de lecture estim\u00e9e\" \/>\n\t<meta name=\"twitter:data1\" content=\"1 minute\" \/>\n<script type=\"application\/ld+json\" class=\"yoast-schema-graph\">{\"@context\":\"https:\\\/\\\/schema.org\",\"@graph\":[{\"@type\":\"WebPage\",\"@id\":\"https:\\\/\\\/spinelliaccounting.ca\\\/fr\\\/travailleurs-autonomes\\\/\",\"url\":\"https:\\\/\\\/spinelliaccounting.ca\\\/fr\\\/travailleurs-autonomes\\\/\",\"name\":\"Travailleurs autonomes | Comptable CPA | Spinelli Accounting\",\"isPartOf\":{\"@id\":\"https:\\\/\\\/spinelliaccounting.ca\\\/fr\\\/#website\"},\"datePublished\":\"2024-10-17T02:27:55+00:00\",\"dateModified\":\"2026-03-27T05:56:02+00:00\",\"description\":\"Spinelli Accounting offre aux travailleurs autonomes des services experts en tenue de livres, d\u00e9claration de revenus, planification financi\u00e8re et soutien en consultation.\",\"breadcrumb\":{\"@id\":\"https:\\\/\\\/spinelliaccounting.ca\\\/fr\\\/travailleurs-autonomes\\\/#breadcrumb\"},\"inLanguage\":\"fr-FR\",\"potentialAction\":[{\"@type\":\"ReadAction\",\"target\":[\"https:\\\/\\\/spinelliaccounting.ca\\\/fr\\\/travailleurs-autonomes\\\/\"]}]},{\"@type\":\"BreadcrumbList\",\"@id\":\"https:\\\/\\\/spinelliaccounting.ca\\\/fr\\\/travailleurs-autonomes\\\/#breadcrumb\",\"itemListElement\":[{\"@type\":\"ListItem\",\"position\":1,\"name\":\"Home\",\"item\":\"https:\\\/\\\/spinelliaccounting.ca\\\/fr\\\/\"},{\"@type\":\"ListItem\",\"position\":2,\"name\":\"Travailleurs autonomes\"}]},{\"@type\":\"WebSite\",\"@id\":\"https:\\\/\\\/spinelliaccounting.ca\\\/fr\\\/#website\",\"url\":\"https:\\\/\\\/spinelliaccounting.ca\\\/fr\\\/\",\"name\":\"Spinelli Accounting & Consulting\",\"description\":\"\",\"publisher\":{\"@id\":\"https:\\\/\\\/spinelliaccounting.ca\\\/fr\\\/#organization\"},\"potentialAction\":[{\"@type\":\"SearchAction\",\"target\":{\"@type\":\"EntryPoint\",\"urlTemplate\":\"https:\\\/\\\/spinelliaccounting.ca\\\/fr\\\/?s={search_term_string}\"},\"query-input\":{\"@type\":\"PropertyValueSpecification\",\"valueRequired\":true,\"valueName\":\"search_term_string\"}}],\"inLanguage\":\"fr-FR\"},{\"@type\":\"Organization\",\"@id\":\"https:\\\/\\\/spinelliaccounting.ca\\\/fr\\\/#organization\",\"name\":\"Spinelli Accounting & Consulting\",\"url\":\"https:\\\/\\\/spinelliaccounting.ca\\\/fr\\\/\",\"logo\":{\"@type\":\"ImageObject\",\"inLanguage\":\"fr-FR\",\"@id\":\"https:\\\/\\\/spinelliaccounting.ca\\\/fr\\\/#\\\/schema\\\/logo\\\/image\\\/\",\"url\":\"https:\\\/\\\/spinelliaccounting.ca\\\/wp-content\\\/uploads\\\/2024\\\/10\\\/Spinelli.png\",\"contentUrl\":\"https:\\\/\\\/spinelliaccounting.ca\\\/wp-content\\\/uploads\\\/2024\\\/10\\\/Spinelli.png\",\"width\":512,\"height\":140,\"caption\":\"Spinelli Accounting & Consulting\"},\"image\":{\"@id\":\"https:\\\/\\\/spinelliaccounting.ca\\\/fr\\\/#\\\/schema\\\/logo\\\/image\\\/\"}}]}<\/script>\n<!-- \/ Yoast SEO plugin. -->","yoast_head_json":{"title":"Travailleurs autonomes | Comptable CPA | Spinelli Accounting","description":"Spinelli Accounting offre aux travailleurs autonomes des services experts en tenue de livres, d\u00e9claration de revenus, planification financi\u00e8re et soutien en consultation.","robots":{"index":"index","follow":"follow","max-snippet":"max-snippet:-1","max-image-preview":"max-image-preview:large","max-video-preview":"max-video-preview:-1"},"canonical":"\/fr\/https:\/\/spinelliaccounting.ca\/fr\/travailleurs-autonomes\/\/","og_locale":"fr_FR","og_type":"article","og_title":"Travailleurs autonomes | Comptable CPA | Spinelli Accounting","og_description":"Spinelli Accounting offre aux travailleurs autonomes des services experts en tenue de livres, d\u00e9claration de revenus, planification financi\u00e8re et soutien en consultation.","og_url":"\/fr\/https:\/\/spinelliaccounting.ca\/fr\/travailleurs-autonomes\/\/","og_site_name":"Spinelli Accounting &amp; Consulting","article_modified_time":"2026-03-27T05:56:02+00:00","twitter_card":"summary_large_image","twitter_misc":{"Dur\u00e9e de lecture estim\u00e9e":"1 minute"},"schema":{"@context":"https:\/\/schema.org","@graph":[{"@type":"WebPage","@id":"https:\/\/spinelliaccounting.ca\/fr\/travailleurs-autonomes\/","url":"https:\/\/spinelliaccounting.ca\/fr\/travailleurs-autonomes\/","name":"Travailleurs autonomes | Comptable CPA | Spinelli Accounting","isPartOf":{"@id":"https:\/\/spinelliaccounting.ca\/fr\/#website"},"datePublished":"2024-10-17T02:27:55+00:00","dateModified":"2026-03-27T05:56:02+00:00","description":"Spinelli Accounting offre aux travailleurs autonomes des services experts en tenue de livres, d\u00e9claration de revenus, planification financi\u00e8re et soutien en consultation.","breadcrumb":{"@id":"https:\/\/spinelliaccounting.ca\/fr\/travailleurs-autonomes\/#breadcrumb"},"inLanguage":"fr-FR","potentialAction":[{"@type":"ReadAction","target":["https:\/\/spinelliaccounting.ca\/fr\/travailleurs-autonomes\/"]}]},{"@type":"BreadcrumbList","@id":"https:\/\/spinelliaccounting.ca\/fr\/travailleurs-autonomes\/#breadcrumb","itemListElement":[{"@type":"ListItem","position":1,"name":"Home","item":"https:\/\/spinelliaccounting.ca\/fr\/"},{"@type":"ListItem","position":2,"name":"Travailleurs autonomes"}]},{"@type":"WebSite","@id":"https:\/\/spinelliaccounting.ca\/fr\/#website","url":"https:\/\/spinelliaccounting.ca\/fr\/","name":"Spinelli Accounting & Consulting","description":"","publisher":{"@id":"https:\/\/spinelliaccounting.ca\/fr\/#organization"},"potentialAction":[{"@type":"SearchAction","target":{"@type":"EntryPoint","urlTemplate":"https:\/\/spinelliaccounting.ca\/fr\/?s={search_term_string}"},"query-input":{"@type":"PropertyValueSpecification","valueRequired":true,"valueName":"search_term_string"}}],"inLanguage":"fr-FR"},{"@type":"Organization","@id":"https:\/\/spinelliaccounting.ca\/fr\/#organization","name":"Spinelli Accounting & Consulting","url":"https:\/\/spinelliaccounting.ca\/fr\/","logo":{"@type":"ImageObject","inLanguage":"fr-FR","@id":"https:\/\/spinelliaccounting.ca\/fr\/#\/schema\/logo\/image\/","url":"https:\/\/spinelliaccounting.ca\/wp-content\/uploads\/2024\/10\/Spinelli.png","contentUrl":"https:\/\/spinelliaccounting.ca\/wp-content\/uploads\/2024\/10\/Spinelli.png","width":512,"height":140,"caption":"Spinelli Accounting & Consulting"},"image":{"@id":"https:\/\/spinelliaccounting.ca\/fr\/#\/schema\/logo\/image\/"}}]}},"_links":{"self":[{"href":"https:\/\/spinelliaccounting.ca\/fr\/wp-json\/wp\/v2\/pages\/16177","targetHints":{"allow":["GET"]}}],"collection":[{"href":"https:\/\/spinelliaccounting.ca\/fr\/wp-json\/wp\/v2\/pages"}],"about":[{"href":"https:\/\/spinelliaccounting.ca\/fr\/wp-json\/wp\/v2\/types\/page"}],"author":[{"embeddable":true,"href":"https:\/\/spinelliaccounting.ca\/fr\/wp-json\/wp\/v2\/users\/1"}],"replies":[{"embeddable":true,"href":"https:\/\/spinelliaccounting.ca\/fr\/wp-json\/wp\/v2\/comments?post=16177"}],"version-history":[{"count":16,"href":"https:\/\/spinelliaccounting.ca\/fr\/wp-json\/wp\/v2\/pages\/16177\/revisions"}],"predecessor-version":[{"id":16438,"href":"https:\/\/spinelliaccounting.ca\/fr\/wp-json\/wp\/v2\/pages\/16177\/revisions\/16438"}],"wp:attachment":[{"href":"https:\/\/spinelliaccounting.ca\/fr\/wp-json\/wp\/v2\/media?parent=16177"}],"curies":[{"name":"wp","href":"https:\/\/api.w.org\/{rel}","templated":true}]}}