{"id":16195,"date":"2025-01-30T06:09:20","date_gmt":"2025-01-30T06:09:20","guid":{"rendered":"https:\/\/spinelliaccounting.ca\/blogs\/"},"modified":"2026-03-06T18:19:50","modified_gmt":"2026-03-06T18:19:50","slug":"blogs","status":"publish","type":"page","link":"https:\/\/spinelliaccounting.ca\/fr\/blogs\/","title":{"rendered":"Blogs"},"content":{"rendered":"<div data-elementor-type=\"wp-page\" data-elementor-id=\"16195\" class=\"elementor elementor-16195 elementor-589\" data-elementor-post-type=\"page\">\n\t\t\t\t<div class=\"elementor-element elementor-element-eeb803d e-flex e-con-boxed e-con e-parent\" data-id=\"eeb803d\" data-element_type=\"container\" data-e-type=\"container\" data-settings=\"{&quot;background_background&quot;:&quot;classic&quot;}\">\n\t\t\t\t\t<div class=\"e-con-inner\">\n\t\t\t\t<div class=\"elementor-element elementor-element-c45dfee elementor-widget elementor-widget-heading\" data-id=\"c45dfee\" data-element_type=\"widget\" data-e-type=\"widget\" data-widget_type=\"heading.default\">\n\t\t\t\t<div class=\"elementor-widget-container\">\n\t\t\t\t\t<h1 class=\"elementor-heading-title elementor-size-default\">Blogs<\/h1>\t\t\t\t<\/div>\n\t\t\t\t<\/div>\n\t\t\t\t\t<\/div>\n\t\t\t\t<\/div>\n\t\t<div class=\"elementor-element elementor-element-d099317 e-flex e-con-boxed e-con e-parent\" data-id=\"d099317\" data-element_type=\"container\" data-e-type=\"container\">\n\t\t\t\t\t<div class=\"e-con-inner\">\n\t\t\t\t<div class=\"elementor-element elementor-element-5124f32 elementor-posts--align-left elementor-grid-3 elementor-grid-tablet-2 elementor-grid-mobile-1 elementor-posts--thumbnail-top elementor-widget elementor-widget-posts\" data-id=\"5124f32\" data-element_type=\"widget\" data-e-type=\"widget\" data-settings=\"{&quot;classic_row_gap&quot;:{&quot;unit&quot;:&quot;px&quot;,&quot;size&quot;:20,&quot;sizes&quot;:[]},&quot;classic_columns&quot;:&quot;3&quot;,&quot;classic_columns_tablet&quot;:&quot;2&quot;,&quot;classic_columns_mobile&quot;:&quot;1&quot;,&quot;classic_row_gap_laptop&quot;:{&quot;unit&quot;:&quot;px&quot;,&quot;size&quot;:&quot;&quot;,&quot;sizes&quot;:[]},&quot;classic_row_gap_tablet&quot;:{&quot;unit&quot;:&quot;px&quot;,&quot;size&quot;:&quot;&quot;,&quot;sizes&quot;:[]},&quot;classic_row_gap_mobile&quot;:{&quot;unit&quot;:&quot;px&quot;,&quot;size&quot;:&quot;&quot;,&quot;sizes&quot;:[]}}\" data-widget_type=\"posts.classic\">\n\t\t\t\t<div class=\"elementor-widget-container\">\n\t\t\t\t\t\t\t<div class=\"elementor-posts-container elementor-posts elementor-posts--skin-classic elementor-grid\" role=\"list\">\n\t\t\t\t<article class=\"elementor-post elementor-grid-item post-16200 post type-post status-publish format-standard has-post-thumbnail hentry category-blog-fr tag-services-de-comptable-fiscal-montreal\" role=\"listitem\">\n\t\t\t\t<a class=\"elementor-post__thumbnail__link\" href=\"https:\/\/spinelliaccounting.ca\/fr\/conseils-dexpert-comment-choisir-le-meilleur-cabinet-comptable-a-montreal-pour-votre-entreprise\/\" tabindex=\"-1\" >\n\t\t\t<div class=\"elementor-post__thumbnail\"><img fetchpriority=\"high\" decoding=\"async\" width=\"2560\" height=\"1707\" src=\"https:\/\/spinelliaccounting.ca\/wp-content\/uploads\/2025\/04\/young-teacher-telling-two-students-about-corporate-budgeting-scaled.jpg\" class=\"attachment-full size-full wp-image-16167\" alt=\"tax accountant services Montreal\" srcset=\"https:\/\/spinelliaccounting.ca\/wp-content\/uploads\/2025\/04\/young-teacher-telling-two-students-about-corporate-budgeting-scaled.jpg 2560w, https:\/\/spinelliaccounting.ca\/wp-content\/uploads\/2025\/04\/young-teacher-telling-two-students-about-corporate-budgeting-300x200.jpg 300w, https:\/\/spinelliaccounting.ca\/wp-content\/uploads\/2025\/04\/young-teacher-telling-two-students-about-corporate-budgeting-1024x683.jpg 1024w, https:\/\/spinelliaccounting.ca\/wp-content\/uploads\/2025\/04\/young-teacher-telling-two-students-about-corporate-budgeting-768x512.jpg 768w, https:\/\/spinelliaccounting.ca\/wp-content\/uploads\/2025\/04\/young-teacher-telling-two-students-about-corporate-budgeting-1536x1024.jpg 1536w, https:\/\/spinelliaccounting.ca\/wp-content\/uploads\/2025\/04\/young-teacher-telling-two-students-about-corporate-budgeting-2048x1365.jpg 2048w, https:\/\/spinelliaccounting.ca\/wp-content\/uploads\/2025\/04\/young-teacher-telling-two-students-about-corporate-budgeting-18x12.jpg 18w\" sizes=\"(max-width: 2560px) 100vw, 2560px\" \/><\/div>\n\t\t<\/a>\n\t\t\t\t<div class=\"elementor-post__text\">\n\t\t\t\t<h3 class=\"elementor-post__title\">\n\t\t\t<a href=\"https:\/\/spinelliaccounting.ca\/fr\/conseils-dexpert-comment-choisir-le-meilleur-cabinet-comptable-a-montreal-pour-votre-entreprise\/\" >\n\t\t\t\tConseils d\u2019expert : Comment choisir le meilleur cabinet comptable \u00e0 Montr\u00e9al pour votre entreprise\t\t\t<\/a>\n\t\t<\/h3>\n\t\t\t\t<div class=\"elementor-post__excerpt\">\n\t\t\t<p>Choisir le bon cabinet comptable est l\u2019une des d\u00e9cisions les plus importantes qu\u2019un propri\u00e9taire d\u2019entreprise puisse prendre. Le bon<\/p>\n\t\t<\/div>\n\t\t\n\t\t<a class=\"elementor-post__read-more\" href=\"https:\/\/spinelliaccounting.ca\/fr\/conseils-dexpert-comment-choisir-le-meilleur-cabinet-comptable-a-montreal-pour-votre-entreprise\/\" aria-label=\"Read more about Conseils d\u2019expert : Comment choisir le meilleur cabinet comptable \u00e0 Montr\u00e9al pour votre entreprise\" tabindex=\"-1\" >\n\t\t\tLire la suite \u00bb\t\t<\/a>\n\n\t\t\t\t<\/div>\n\t\t\t\t<\/article>\n\t\t\t\t<article class=\"elementor-post elementor-grid-item post-16197 post type-post status-publish format-standard has-post-thumbnail hentry category-blog tag-business-accountant-in-montreal\" role=\"listitem\">\n\t\t\t\t<a class=\"elementor-post__thumbnail__link\" href=\"https:\/\/spinelliaccounting.ca\/fr\/10-conseils-essentiels-de-tenue-de-livres-pour-les-proprietaires-de-petites-entreprises-a-montreal\/\" tabindex=\"-1\" >\n\t\t\t<div class=\"elementor-post__thumbnail\"><img decoding=\"async\" width=\"2560\" height=\"1707\" src=\"https:\/\/spinelliaccounting.ca\/wp-content\/uploads\/2025\/04\/casual-woman-writing-notebook-scaled.jpg\" class=\"attachment-full size-full wp-image-16168\" alt=\"bookkeeping services in Montreal\" srcset=\"https:\/\/spinelliaccounting.ca\/wp-content\/uploads\/2025\/04\/casual-woman-writing-notebook-scaled.jpg 2560w, https:\/\/spinelliaccounting.ca\/wp-content\/uploads\/2025\/04\/casual-woman-writing-notebook-300x200.jpg 300w, https:\/\/spinelliaccounting.ca\/wp-content\/uploads\/2025\/04\/casual-woman-writing-notebook-1024x683.jpg 1024w, https:\/\/spinelliaccounting.ca\/wp-content\/uploads\/2025\/04\/casual-woman-writing-notebook-768x512.jpg 768w, https:\/\/spinelliaccounting.ca\/wp-content\/uploads\/2025\/04\/casual-woman-writing-notebook-1536x1024.jpg 1536w, https:\/\/spinelliaccounting.ca\/wp-content\/uploads\/2025\/04\/casual-woman-writing-notebook-2048x1365.jpg 2048w, https:\/\/spinelliaccounting.ca\/wp-content\/uploads\/2025\/04\/casual-woman-writing-notebook-18x12.jpg 18w\" sizes=\"(max-width: 2560px) 100vw, 2560px\" \/><\/div>\n\t\t<\/a>\n\t\t\t\t<div class=\"elementor-post__text\">\n\t\t\t\t<h3 class=\"elementor-post__title\">\n\t\t\t<a href=\"https:\/\/spinelliaccounting.ca\/fr\/10-conseils-essentiels-de-tenue-de-livres-pour-les-proprietaires-de-petites-entreprises-a-montreal\/\" >\n\t\t\t\t10 conseils essentiels de tenue de livres pour les propri\u00e9taires de petites entreprises \u00e0 Montr\u00e9al\t\t\t<\/a>\n\t\t<\/h3>\n\t\t\t\t<div class=\"elementor-post__excerpt\">\n\t\t\t<p>G\u00e9rer l\u2019aspect financier de votre entreprise est essentiel pour son succ\u00e8s, mais la tenue de livres ne vient pas<\/p>\n\t\t<\/div>\n\t\t\n\t\t<a class=\"elementor-post__read-more\" href=\"https:\/\/spinelliaccounting.ca\/fr\/10-conseils-essentiels-de-tenue-de-livres-pour-les-proprietaires-de-petites-entreprises-a-montreal\/\" aria-label=\"Read more about 10 conseils essentiels de tenue de livres pour les propri\u00e9taires de petites entreprises \u00e0 Montr\u00e9al\" tabindex=\"-1\" >\n\t\t\tLire la suite \u00bb\t\t<\/a>\n\n\t\t\t\t<\/div>\n\t\t\t\t<\/article>\n\t\t\t\t<\/div>\n\t\t\n\t\t\t\t\t\t<\/div>\n\t\t\t\t<\/div>\n\t\t\t\t\t<\/div>\n\t\t\t\t<\/div>\n\t\t\t\t<\/div>","protected":false},"excerpt":{"rendered":"<p>Blogs<\/p>","protected":false},"author":2,"featured_media":0,"parent":0,"menu_order":0,"comment_status":"closed","ping_status":"closed","template":"","meta":{"footnotes":""},"class_list":["post-16195","page","type-page","status-publish","hentry"],"aioseo_notices":[],"yoast_head":"<!-- This site is optimized with the Yoast SEO plugin v27.4 - https:\/\/yoast.com\/product\/yoast-seo-wordpress\/ -->\n<title>Blogs - Spinelli Accounting &amp; Consulting<\/title>\n<meta name=\"robots\" content=\"index, follow, max-snippet:-1, max-image-preview:large, max-video-preview:-1\" \/>\n<link rel=\"canonical\" href=\"\/fr\/https:\/\/spinelliaccounting.ca\/fr\/blogs\/\/\" \/>\n<meta property=\"og:locale\" content=\"fr_FR\" \/>\n<meta property=\"og:type\" content=\"article\" \/>\n<meta property=\"og:title\" content=\"Blogs - Spinelli Accounting &amp; Consulting\" \/>\n<meta property=\"og:description\" content=\"Blogs\" \/>\n<meta property=\"og:url\" content=\"\/fr\/https:\/\/spinelliaccounting.ca\/fr\/blogs\/\/\" \/>\n<meta property=\"og:site_name\" content=\"Spinelli Accounting &amp; Consulting\" \/>\n<meta property=\"article:modified_time\" content=\"2026-03-06T18:19:50+00:00\" \/>\n<meta name=\"twitter:card\" content=\"summary_large_image\" \/>\n<script type=\"application\/ld+json\" class=\"yoast-schema-graph\">{\"@context\":\"https:\\\/\\\/schema.org\",\"@graph\":[{\"@type\":\"WebPage\",\"@id\":\"https:\\\/\\\/spinelliaccounting.ca\\\/fr\\\/blogs\\\/\",\"url\":\"https:\\\/\\\/spinelliaccounting.ca\\\/fr\\\/blogs\\\/\",\"name\":\"Blogs - Spinelli Accounting &amp; Consulting\",\"isPartOf\":{\"@id\":\"https:\\\/\\\/spinelliaccounting.ca\\\/fr\\\/#website\"},\"datePublished\":\"2025-01-30T06:09:20+00:00\",\"dateModified\":\"2026-03-06T18:19:50+00:00\",\"breadcrumb\":{\"@id\":\"https:\\\/\\\/spinelliaccounting.ca\\\/fr\\\/blogs\\\/#breadcrumb\"},\"inLanguage\":\"fr-FR\",\"potentialAction\":[{\"@type\":\"ReadAction\",\"target\":[\"https:\\\/\\\/spinelliaccounting.ca\\\/fr\\\/blogs\\\/\"]}]},{\"@type\":\"BreadcrumbList\",\"@id\":\"https:\\\/\\\/spinelliaccounting.ca\\\/fr\\\/blogs\\\/#breadcrumb\",\"itemListElement\":[{\"@type\":\"ListItem\",\"position\":1,\"name\":\"Home\",\"item\":\"https:\\\/\\\/spinelliaccounting.ca\\\/fr\\\/\"},{\"@type\":\"ListItem\",\"position\":2,\"name\":\"Blogs\"}]},{\"@type\":\"WebSite\",\"@id\":\"https:\\\/\\\/spinelliaccounting.ca\\\/fr\\\/#website\",\"url\":\"https:\\\/\\\/spinelliaccounting.ca\\\/fr\\\/\",\"name\":\"Spinelli Accounting & Consulting\",\"description\":\"\",\"publisher\":{\"@id\":\"https:\\\/\\\/spinelliaccounting.ca\\\/fr\\\/#organization\"},\"potentialAction\":[{\"@type\":\"SearchAction\",\"target\":{\"@type\":\"EntryPoint\",\"urlTemplate\":\"https:\\\/\\\/spinelliaccounting.ca\\\/fr\\\/?s={search_term_string}\"},\"query-input\":{\"@type\":\"PropertyValueSpecification\",\"valueRequired\":true,\"valueName\":\"search_term_string\"}}],\"inLanguage\":\"fr-FR\"},{\"@type\":\"Organization\",\"@id\":\"https:\\\/\\\/spinelliaccounting.ca\\\/fr\\\/#organization\",\"name\":\"Spinelli Accounting & Consulting\",\"url\":\"https:\\\/\\\/spinelliaccounting.ca\\\/fr\\\/\",\"logo\":{\"@type\":\"ImageObject\",\"inLanguage\":\"fr-FR\",\"@id\":\"https:\\\/\\\/spinelliaccounting.ca\\\/fr\\\/#\\\/schema\\\/logo\\\/image\\\/\",\"url\":\"https:\\\/\\\/spinelliaccounting.ca\\\/wp-content\\\/uploads\\\/2024\\\/10\\\/Spinelli.png\",\"contentUrl\":\"https:\\\/\\\/spinelliaccounting.ca\\\/wp-content\\\/uploads\\\/2024\\\/10\\\/Spinelli.png\",\"width\":512,\"height\":140,\"caption\":\"Spinelli Accounting & Consulting\"},\"image\":{\"@id\":\"https:\\\/\\\/spinelliaccounting.ca\\\/fr\\\/#\\\/schema\\\/logo\\\/image\\\/\"}}]}<\/script>\n<!-- \/ Yoast SEO plugin. -->","yoast_head_json":{"title":"Blogs - Spinelli Accounting &amp; Consulting","robots":{"index":"index","follow":"follow","max-snippet":"max-snippet:-1","max-image-preview":"max-image-preview:large","max-video-preview":"max-video-preview:-1"},"canonical":"\/fr\/https:\/\/spinelliaccounting.ca\/fr\/blogs\/\/","og_locale":"fr_FR","og_type":"article","og_title":"Blogs - Spinelli Accounting &amp; Consulting","og_description":"Blogs","og_url":"\/fr\/https:\/\/spinelliaccounting.ca\/fr\/blogs\/\/","og_site_name":"Spinelli Accounting &amp; Consulting","article_modified_time":"2026-03-06T18:19:50+00:00","twitter_card":"summary_large_image","schema":{"@context":"https:\/\/schema.org","@graph":[{"@type":"WebPage","@id":"https:\/\/spinelliaccounting.ca\/fr\/blogs\/","url":"https:\/\/spinelliaccounting.ca\/fr\/blogs\/","name":"Blogs - Spinelli Accounting &amp; Consulting","isPartOf":{"@id":"https:\/\/spinelliaccounting.ca\/fr\/#website"},"datePublished":"2025-01-30T06:09:20+00:00","dateModified":"2026-03-06T18:19:50+00:00","breadcrumb":{"@id":"https:\/\/spinelliaccounting.ca\/fr\/blogs\/#breadcrumb"},"inLanguage":"fr-FR","potentialAction":[{"@type":"ReadAction","target":["https:\/\/spinelliaccounting.ca\/fr\/blogs\/"]}]},{"@type":"BreadcrumbList","@id":"https:\/\/spinelliaccounting.ca\/fr\/blogs\/#breadcrumb","itemListElement":[{"@type":"ListItem","position":1,"name":"Home","item":"https:\/\/spinelliaccounting.ca\/fr\/"},{"@type":"ListItem","position":2,"name":"Blogs"}]},{"@type":"WebSite","@id":"https:\/\/spinelliaccounting.ca\/fr\/#website","url":"https:\/\/spinelliaccounting.ca\/fr\/","name":"Spinelli Accounting & Consulting","description":"","publisher":{"@id":"https:\/\/spinelliaccounting.ca\/fr\/#organization"},"potentialAction":[{"@type":"SearchAction","target":{"@type":"EntryPoint","urlTemplate":"https:\/\/spinelliaccounting.ca\/fr\/?s={search_term_string}"},"query-input":{"@type":"PropertyValueSpecification","valueRequired":true,"valueName":"search_term_string"}}],"inLanguage":"fr-FR"},{"@type":"Organization","@id":"https:\/\/spinelliaccounting.ca\/fr\/#organization","name":"Spinelli Accounting & Consulting","url":"https:\/\/spinelliaccounting.ca\/fr\/","logo":{"@type":"ImageObject","inLanguage":"fr-FR","@id":"https:\/\/spinelliaccounting.ca\/fr\/#\/schema\/logo\/image\/","url":"https:\/\/spinelliaccounting.ca\/wp-content\/uploads\/2024\/10\/Spinelli.png","contentUrl":"https:\/\/spinelliaccounting.ca\/wp-content\/uploads\/2024\/10\/Spinelli.png","width":512,"height":140,"caption":"Spinelli Accounting & Consulting"},"image":{"@id":"https:\/\/spinelliaccounting.ca\/fr\/#\/schema\/logo\/image\/"}}]}},"_links":{"self":[{"href":"https:\/\/spinelliaccounting.ca\/fr\/wp-json\/wp\/v2\/pages\/16195","targetHints":{"allow":["GET"]}}],"collection":[{"href":"https:\/\/spinelliaccounting.ca\/fr\/wp-json\/wp\/v2\/pages"}],"about":[{"href":"https:\/\/spinelliaccounting.ca\/fr\/wp-json\/wp\/v2\/types\/page"}],"author":[{"embeddable":true,"href":"https:\/\/spinelliaccounting.ca\/fr\/wp-json\/wp\/v2\/users\/2"}],"replies":[{"embeddable":true,"href":"https:\/\/spinelliaccounting.ca\/fr\/wp-json\/wp\/v2\/comments?post=16195"}],"version-history":[{"count":1,"href":"https:\/\/spinelliaccounting.ca\/fr\/wp-json\/wp\/v2\/pages\/16195\/revisions"}],"predecessor-version":[{"id":16196,"href":"https:\/\/spinelliaccounting.ca\/fr\/wp-json\/wp\/v2\/pages\/16195\/revisions\/16196"}],"wp:attachment":[{"href":"https:\/\/spinelliaccounting.ca\/fr\/wp-json\/wp\/v2\/media?parent=16195"}],"curies":[{"name":"wp","href":"https:\/\/api.w.org\/{rel}","templated":true}]}}